{"id":47,"date":"2020-12-08T17:21:53","date_gmt":"2020-12-08T20:21:53","guid":{"rendered":"http:\/\/ivsgrupodeestudos.meloteste.site\/?post_type=product&#038;p=47"},"modified":"2021-06-09T17:15:58","modified_gmt":"2021-06-09T20:15:58","slug":"grupo-de-estudos-avancados-em-musicoterapia-e-reabilitacao-neurologica","status":"publish","type":"product","link":"https:\/\/ivsgrupodeestudos.meloteste.site\/index.php\/produto\/grupo-de-estudos-avancados-em-musicoterapia-e-reabilitacao-neurologica\/","title":{"rendered":"Grupo de Estudos Avan\u00e7ados em Musicoterapia e Reabilita\u00e7\u00e3o Neurol\u00f3gica"},"content":{"rendered":"<p>Grupo de Estudos Avan\u00e7ados em Musicoterapia Integra\u00e7\u00e3o Sensorial e Autismo com a Musicoterapeuta Giuli Brand\u00e3o<\/p>\n<p>Inicio: 27\/07\/2021<\/p>\n","protected":false},"excerpt":{"rendered":"<p>Grupo de Estudos Avan\u00e7ados em Musicoterapia Integra\u00e7\u00e3o Sensorial e Autismo com a Musicoterapeuta Giuli Brand\u00e3o<\/p>\n<p>Inicio: 27\/07\/2021<\/p>\n","protected":false},"featured_media":386,"comment_status":"open","ping_status":"closed","template":"","meta":[],"yoast_head":"<!-- This site is optimized with the Yoast SEO plugin v16.4 - https:\/\/yoast.com\/wordpress\/plugins\/seo\/ -->\n<title>Grupo de Estudos Avan\u00e7ados em Musicoterapia e Reabilita\u00e7\u00e3o Neurol\u00f3gica - IVS Grupo de Estudos<\/title>\n<meta name=\"robots\" content=\"index, follow, max-snippet:-1, max-image-preview:large, max-video-preview:-1\" \/>\n<link rel=\"canonical\" href=\"https:\/\/ivsgrupodeestudos.meloteste.site\/index.php\/produto\/grupo-de-estudos-avancados-em-musicoterapia-e-reabilitacao-neurologica\/\" \/>\n<meta property=\"og:locale\" content=\"pt_BR\" \/>\n<meta property=\"og:type\" content=\"article\" \/>\n<meta property=\"og:title\" content=\"Grupo de Estudos Avan\u00e7ados em Musicoterapia e Reabilita\u00e7\u00e3o Neurol\u00f3gica - IVS Grupo de Estudos\" \/>\n<meta property=\"og:description\" content=\"Grupo de Estudos Avan\u00e7ados em Musicoterapia Integra\u00e7\u00e3o Sensorial e Autismo com a Musicoterapeuta Giuli Brand\u00e3o  Inicio: 27\/07\/2021\" \/>\n<meta property=\"og:url\" content=\"https:\/\/ivsgrupodeestudos.meloteste.site\/index.php\/produto\/grupo-de-estudos-avancados-em-musicoterapia-e-reabilitacao-neurologica\/\" \/>\n<meta property=\"og:site_name\" content=\"IVS Grupo de Estudos\" \/>\n<meta property=\"article:modified_time\" content=\"2021-06-09T20:15:58+00:00\" \/>\n<meta property=\"og:image\" content=\"http:\/\/ivsgrupodeestudos.meloteste.site\/wp-content\/uploads\/2021\/01\/GRUPO-DE-ESTUDOS-02.png\" \/>\n\t<meta property=\"og:image:width\" content=\"1080\" \/>\n\t<meta property=\"og:image:height\" content=\"1080\" \/>\n<meta name=\"twitter:card\" content=\"summary_large_image\" \/>\n<script type=\"application\/ld+json\" class=\"yoast-schema-graph\">{\"@context\":\"https:\/\/schema.org\",\"@graph\":[{\"@type\":\"WebSite\",\"@id\":\"https:\/\/ivsgrupodeestudos.meloteste.site\/#website\",\"url\":\"https:\/\/ivsgrupodeestudos.meloteste.site\/\",\"name\":\"IVS Grupo de Estudos\",\"description\":\".\",\"potentialAction\":[{\"@type\":\"SearchAction\",\"target\":\"https:\/\/ivsgrupodeestudos.meloteste.site\/?s={search_term_string}\",\"query-input\":\"required name=search_term_string\"}],\"inLanguage\":\"pt-BR\"},{\"@type\":\"ImageObject\",\"@id\":\"https:\/\/ivsgrupodeestudos.meloteste.site\/index.php\/produto\/grupo-de-estudos-avancados-em-musicoterapia-e-reabilitacao-neurologica\/#primaryimage\",\"inLanguage\":\"pt-BR\",\"url\":\"https:\/\/ivsgrupodeestudos.meloteste.site\/wp-content\/uploads\/2021\/01\/GRUPO-DE-ESTUDOS-02.png\",\"contentUrl\":\"https:\/\/ivsgrupodeestudos.meloteste.site\/wp-content\/uploads\/2021\/01\/GRUPO-DE-ESTUDOS-02.png\",\"width\":1080,\"height\":1080},{\"@type\":\"WebPage\",\"@id\":\"https:\/\/ivsgrupodeestudos.meloteste.site\/index.php\/produto\/grupo-de-estudos-avancados-em-musicoterapia-e-reabilitacao-neurologica\/#webpage\",\"url\":\"https:\/\/ivsgrupodeestudos.meloteste.site\/index.php\/produto\/grupo-de-estudos-avancados-em-musicoterapia-e-reabilitacao-neurologica\/\",\"name\":\"Grupo de Estudos Avan\\u00e7ados em Musicoterapia e Reabilita\\u00e7\\u00e3o Neurol\\u00f3gica - IVS Grupo de Estudos\",\"isPartOf\":{\"@id\":\"https:\/\/ivsgrupodeestudos.meloteste.site\/#website\"},\"primaryImageOfPage\":{\"@id\":\"https:\/\/ivsgrupodeestudos.meloteste.site\/index.php\/produto\/grupo-de-estudos-avancados-em-musicoterapia-e-reabilitacao-neurologica\/#primaryimage\"},\"datePublished\":\"2020-12-08T20:21:53+00:00\",\"dateModified\":\"2021-06-09T20:15:58+00:00\",\"breadcrumb\":{\"@id\":\"https:\/\/ivsgrupodeestudos.meloteste.site\/index.php\/produto\/grupo-de-estudos-avancados-em-musicoterapia-e-reabilitacao-neurologica\/#breadcrumb\"},\"inLanguage\":\"pt-BR\",\"potentialAction\":[{\"@type\":\"ReadAction\",\"target\":[\"https:\/\/ivsgrupodeestudos.meloteste.site\/index.php\/produto\/grupo-de-estudos-avancados-em-musicoterapia-e-reabilitacao-neurologica\/\"]}]},{\"@type\":\"BreadcrumbList\",\"@id\":\"https:\/\/ivsgrupodeestudos.meloteste.site\/index.php\/produto\/grupo-de-estudos-avancados-em-musicoterapia-e-reabilitacao-neurologica\/#breadcrumb\",\"itemListElement\":[{\"@type\":\"ListItem\",\"position\":1,\"item\":{\"@type\":\"WebPage\",\"@id\":\"https:\/\/ivsgrupodeestudos.meloteste.site\/\",\"url\":\"https:\/\/ivsgrupodeestudos.meloteste.site\/\",\"name\":\"In\\u00edcio\"}},{\"@type\":\"ListItem\",\"position\":2,\"item\":{\"@type\":\"WebPage\",\"@id\":\"\",\"url\":\"\",\"name\":\"\"}},{\"@type\":\"ListItem\",\"position\":3,\"item\":{\"@id\":\"https:\/\/ivsgrupodeestudos.meloteste.site\/index.php\/produto\/grupo-de-estudos-avancados-em-musicoterapia-e-reabilitacao-neurologica\/#webpage\"}}]}]}<\/script>\n<!-- \/ Yoast SEO plugin. -->","_links":{"self":[{"href":"https:\/\/ivsgrupodeestudos.meloteste.site\/index.php\/wp-json\/wp\/v2\/product\/47"}],"collection":[{"href":"https:\/\/ivsgrupodeestudos.meloteste.site\/index.php\/wp-json\/wp\/v2\/product"}],"about":[{"href":"https:\/\/ivsgrupodeestudos.meloteste.site\/index.php\/wp-json\/wp\/v2\/types\/product"}],"replies":[{"embeddable":true,"href":"https:\/\/ivsgrupodeestudos.meloteste.site\/index.php\/wp-json\/wp\/v2\/comments?post=47"}],"wp:featuredmedia":[{"embeddable":true,"href":"https:\/\/ivsgrupodeestudos.meloteste.site\/index.php\/wp-json\/wp\/v2\/media\/386"}],"wp:attachment":[{"href":"https:\/\/ivsgrupodeestudos.meloteste.site\/index.php\/wp-json\/wp\/v2\/media?parent=47"}],"curies":[{"name":"wp","href":"https:\/\/api.w.org\/{rel}","templated":true}]}}